{"id":87,"date":"2025-01-02T13:10:15","date_gmt":"2025-01-02T13:10:15","guid":{"rendered":"http:\/\/polymath-academy.com\/offerings\/"},"modified":"2025-01-25T14:05:44","modified_gmt":"2025-01-25T14:05:44","slug":"angebote","status":"publish","type":"page","link":"https:\/\/polymath-academy.com\/de\/angebote\/","title":{"rendered":"Themen"},"content":{"rendered":"<div class=\"wp-block-uagb-container uagb-block-fa2f1646 alignfull uagb-is-root-container\"><div class=\"uagb-container-inner-blocks-wrap\">\n<div class=\"wp-block-uagb-advanced-heading uagb-block-d7c7726a\"><h1 class=\"uagb-heading-text\">Themen<\/h1><\/div>\n\n\n\n\t\t\t<div class=\"wp-block-uagb-post-grid uagb-post-grid  uagb-post__image-position-top uagb-post__image-enabled uagb-block-bf1b34d1     uagb-post__items uagb-post__columns-3 is-grid uagb-post__columns-tablet-2 uagb-post__columns-mobile-1\" data-total=\"1\" style=\"\">\n\n\t\t\t\t\t\t\t\t\t\t\t\t<article class=\"uagb-post__inner-wrap\">\t\t\t\t\t\t\t\t<div class='uagb-post__image'>\n\t\t\t\t\t\t\t\t\t<a href=\"https:\/\/polymath-academy.com\/de\/staatsverschuldung-in-deutschland\/\" target=\"_self\" rel=\"bookmark noopener noreferrer\" class='uagb-image-ratio-2-3'><img loading=\"lazy\" decoding=\"async\" width=\"1024\" height=\"1024\" src=\"https:\/\/polymath-academy.com\/wp-content\/uploads\/2025\/03\/DALL\u00b7E-2025-03-23-15.44.00-An-editorial-illustration-representing-Germanys-national-debt.-The-image-should-show-a-large-Euro-coin-or-piggy-bank-wrapped-in-the-German-flag-with.webp\" class=\"attachment-large size-large\" alt=\"\" srcset=\"https:\/\/polymath-academy.com\/wp-content\/uploads\/2025\/03\/DALL\u00b7E-2025-03-23-15.44.00-An-editorial-illustration-representing-Germanys-national-debt.-The-image-should-show-a-large-Euro-coin-or-piggy-bank-wrapped-in-the-German-flag-with.webp 1024w, https:\/\/polymath-academy.com\/wp-content\/uploads\/2025\/03\/DALL\u00b7E-2025-03-23-15.44.00-An-editorial-illustration-representing-Germanys-national-debt.-The-image-should-show-a-large-Euro-coin-or-piggy-bank-wrapped-in-the-German-flag-with-300x300.webp 300w, https:\/\/polymath-academy.com\/wp-content\/uploads\/2025\/03\/DALL\u00b7E-2025-03-23-15.44.00-An-editorial-illustration-representing-Germanys-national-debt.-The-image-should-show-a-large-Euro-coin-or-piggy-bank-wrapped-in-the-German-flag-with-150x150.webp 150w, https:\/\/polymath-academy.com\/wp-content\/uploads\/2025\/03\/DALL\u00b7E-2025-03-23-15.44.00-An-editorial-illustration-representing-Germanys-national-debt.-The-image-should-show-a-large-Euro-coin-or-piggy-bank-wrapped-in-the-German-flag-with-768x768.webp 768w, https:\/\/polymath-academy.com\/wp-content\/uploads\/2025\/03\/DALL\u00b7E-2025-03-23-15.44.00-An-editorial-illustration-representing-Germanys-national-debt.-The-image-should-show-a-large-Euro-coin-or-piggy-bank-wrapped-in-the-German-flag-with-12x12.webp 12w\" sizes=\"auto, (max-width: 1024px) 100vw, 1024px\" \/>\t\t\t\t\t<\/a>\n\t\t\t\t\t\t\t<\/div>\n\t\t\t<div class=\"uagb-post__text\"><span class=\"uagb-post__taxonomy highlighted\"><span class=\"dashicons-tag dashicons\"><\/span><a href=\"https:\/\/polymath-academy.com\/de\/kategorie\/politik\/\">Politik<\/a><\/span><\/div>\t\t\t<h4 class=\"uagb-post__title uagb-post__text\">\n\t\t\t\t<a href=\"https:\/\/polymath-academy.com\/de\/staatsverschuldung-in-deutschland\/\" target=\"_self\" rel=\"bookmark noopener noreferrer\">Staatsverschuldung in Deutschland<\/a>\n\t\t\t<\/h4>\n\t\t\t\t\t\t<div class='uagb-post__text uagb-post-grid-byline'>\n\t\t\t\t\t\t\t\t<time datetime=\"2025-03-23T14:44:28+00:00\" class=\"uagb-post__date\">\n\t\t\t\t<span class=\"dashicons-calendar dashicons\"><\/span>\t\t\t\t\t2025-03-23\t\t\t\t<\/time>\n\t\t\t\t\t\t\t<span class=\"uagb-post__comment\">\n\t\t\t\t<span class=\"dashicons-admin-comments dashicons\"><\/span>\t\t\t\t\tKeine Kommentare\t\t\t\t<\/span>\n\t\t\t\t\t\t<\/div>\n\t\t\t\t\t\t\t<div class='uagb-post__text uagb-post__excerpt'>\n\t\t\t\t\t<p>Deutschland k\u00fcndigt an, bis zu 1,5 Billionen EUR an neuen...\t\t\t\t<\/div>\n\t\t\t\t\t\t<div class=\"uagb-post__text uagb-post__cta wp-block-button\">\n\t\t\t\t<a class=\"wp-block-button__link uagb-text-link\" style=\"\" href=\"https:\/\/polymath-academy.com\/de\/staatsverschuldung-in-deutschland\/\" target=\"_self\" rel=\"bookmark noopener noreferrer\">Weiterlesen<\/a>\n\t\t\t<\/div>\n\t\t\t\n\t\t\t\t\t\t\t\t\t<\/article>\n\t\t\t\t\t\t\t\t\t\t\t\t\t\t\t\t<article class=\"uagb-post__inner-wrap\">\t\t\t\t\t\t\t\t<div class='uagb-post__image'>\n\t\t\t\t\t\t\t\t\t<a href=\"https:\/\/polymath-academy.com\/de\/kunstliche-intelligenz\/\" target=\"_self\" rel=\"bookmark noopener noreferrer\" class='uagb-image-ratio-2-3'><img loading=\"lazy\" decoding=\"async\" width=\"1024\" height=\"1024\" src=\"https:\/\/polymath-academy.com\/wp-content\/uploads\/2025\/03\/3ba812b8-2c1a-477e-bb1c-d629def4794d.webp\" class=\"attachment-large size-large\" alt=\"\" srcset=\"https:\/\/polymath-academy.com\/wp-content\/uploads\/2025\/03\/3ba812b8-2c1a-477e-bb1c-d629def4794d.webp 1024w, https:\/\/polymath-academy.com\/wp-content\/uploads\/2025\/03\/3ba812b8-2c1a-477e-bb1c-d629def4794d-300x300.webp 300w, https:\/\/polymath-academy.com\/wp-content\/uploads\/2025\/03\/3ba812b8-2c1a-477e-bb1c-d629def4794d-150x150.webp 150w, https:\/\/polymath-academy.com\/wp-content\/uploads\/2025\/03\/3ba812b8-2c1a-477e-bb1c-d629def4794d-768x768.webp 768w\" sizes=\"auto, (max-width: 1024px) 100vw, 1024px\" \/>\t\t\t\t\t<\/a>\n\t\t\t\t\t\t\t<\/div>\n\t\t\t<div class=\"uagb-post__text\"><span class=\"uagb-post__taxonomy highlighted\"><span class=\"dashicons-tag dashicons\"><\/span><a href=\"https:\/\/polymath-academy.com\/de\/kategorie\/wissenschaft-technologie\/\">Wissenschaft und Technologie<\/a><\/span><\/div>\t\t\t<h4 class=\"uagb-post__title uagb-post__text\">\n\t\t\t\t<a href=\"https:\/\/polymath-academy.com\/de\/kunstliche-intelligenz\/\" target=\"_self\" rel=\"bookmark noopener noreferrer\">K\u00fcnstliche Intelligenz<\/a>\n\t\t\t<\/h4>\n\t\t\t\t\t\t<div class='uagb-post__text uagb-post-grid-byline'>\n\t\t\t\t\t\t\t\t<time datetime=\"2025-03-08T13:02:42+00:00\" class=\"uagb-post__date\">\n\t\t\t\t<span class=\"dashicons-calendar dashicons\"><\/span>\t\t\t\t\t2025-03-08\t\t\t\t<\/time>\n\t\t\t\t\t\t\t<span class=\"uagb-post__comment\">\n\t\t\t\t<span class=\"dashicons-admin-comments dashicons\"><\/span>\t\t\t\t\tKeine Kommentare\t\t\t\t<\/span>\n\t\t\t\t\t\t<\/div>\n\t\t\t\t\t\t\t<div class='uagb-post__text uagb-post__excerpt'>\n\t\t\t\t\t<p>K\u00fcnstliche Intelligenz (KI) ist nicht l\u00e4nger ein Konzept, das auf Science Fiction beschr\u00e4nkt ist - es...\t\t\t\t<\/div>\n\t\t\t\t\t\t<div class=\"uagb-post__text uagb-post__cta wp-block-button\">\n\t\t\t\t<a class=\"wp-block-button__link uagb-text-link\" style=\"\" href=\"https:\/\/polymath-academy.com\/de\/kunstliche-intelligenz\/\" target=\"_self\" rel=\"bookmark noopener noreferrer\">Weiterlesen<\/a>\n\t\t\t<\/div>\n\t\t\t\n\t\t\t\t\t\t\t\t\t<\/article>\n\t\t\t\t\t\t\t\t\t\t\t\t\t\t\t\t<article class=\"uagb-post__inner-wrap\">\t\t\t\t\t\t\t\t<div class='uagb-post__image'>\n\t\t\t\t\t\t\t\t\t<a href=\"https:\/\/polymath-academy.com\/de\/klimawandel\/\" target=\"_self\" rel=\"bookmark noopener noreferrer\" class='uagb-image-ratio-2-3'><img loading=\"lazy\" decoding=\"async\" width=\"1024\" height=\"1024\" src=\"https:\/\/polymath-academy.com\/wp-content\/uploads\/2025\/01\/DALL\u00b7E-2025-01-26-11.27.14-An-impactful-illustration-showing-the-effects-of-climate-change-on-the-environment.-The-image-includes-a-split-screen-design_-on-one-side-a-healthy-a-1.webp\" class=\"attachment-large size-large\" alt=\"\" srcset=\"https:\/\/polymath-academy.com\/wp-content\/uploads\/2025\/01\/DALL\u00b7E-2025-01-26-11.27.14-An-impactful-illustration-showing-the-effects-of-climate-change-on-the-environment.-The-image-includes-a-split-screen-design_-on-one-side-a-healthy-a-1.webp 1024w, https:\/\/polymath-academy.com\/wp-content\/uploads\/2025\/01\/DALL\u00b7E-2025-01-26-11.27.14-An-impactful-illustration-showing-the-effects-of-climate-change-on-the-environment.-The-image-includes-a-split-screen-design_-on-one-side-a-healthy-a-1-300x300.webp 300w, https:\/\/polymath-academy.com\/wp-content\/uploads\/2025\/01\/DALL\u00b7E-2025-01-26-11.27.14-An-impactful-illustration-showing-the-effects-of-climate-change-on-the-environment.-The-image-includes-a-split-screen-design_-on-one-side-a-healthy-a-1-150x150.webp 150w, https:\/\/polymath-academy.com\/wp-content\/uploads\/2025\/01\/DALL\u00b7E-2025-01-26-11.27.14-An-impactful-illustration-showing-the-effects-of-climate-change-on-the-environment.-The-image-includes-a-split-screen-design_-on-one-side-a-healthy-a-1-768x768.webp 768w\" sizes=\"auto, (max-width: 1024px) 100vw, 1024px\" \/>\t\t\t\t\t<\/a>\n\t\t\t\t\t\t\t<\/div>\n\t\t\t<div class=\"uagb-post__text\"><span class=\"uagb-post__taxonomy highlighted\"><span class=\"dashicons-tag dashicons\"><\/span><a href=\"https:\/\/polymath-academy.com\/de\/kategorie\/wissenschaft-technologie\/\">Wissenschaft und Technologie<\/a><\/span><\/div>\t\t\t<h4 class=\"uagb-post__title uagb-post__text\">\n\t\t\t\t<a href=\"https:\/\/polymath-academy.com\/de\/klimawandel\/\" target=\"_self\" rel=\"bookmark noopener noreferrer\">Der Klimawandel<\/a>\n\t\t\t<\/h4>\n\t\t\t\t\t\t<div class='uagb-post__text uagb-post-grid-byline'>\n\t\t\t\t\t\t\t\t<time datetime=\"2025-01-26T10:28:10+00:00\" class=\"uagb-post__date\">\n\t\t\t\t<span class=\"dashicons-calendar dashicons\"><\/span>\t\t\t\t\t2025-01-26\t\t\t\t<\/time>\n\t\t\t\t\t\t\t<span class=\"uagb-post__comment\">\n\t\t\t\t<span class=\"dashicons-admin-comments dashicons\"><\/span>\t\t\t\t\tKeine Kommentare\t\t\t\t<\/span>\n\t\t\t\t\t\t<\/div>\n\t\t\t\t\t\t\t<div class='uagb-post__text uagb-post__excerpt'>\n\t\t\t\t\t<p>Der Klimawandel ist eine der dringendsten Herausforderungen unserer Zeit,...\t\t\t\t<\/div>\n\t\t\t\t\t\t<div class=\"uagb-post__text uagb-post__cta wp-block-button\">\n\t\t\t\t<a class=\"wp-block-button__link uagb-text-link\" style=\"\" href=\"https:\/\/polymath-academy.com\/de\/klimawandel\/\" target=\"_self\" rel=\"bookmark noopener noreferrer\">Weiterlesen<\/a>\n\t\t\t<\/div>\n\t\t\t\n\t\t\t\t\t\t\t\t\t<\/article>\n\t\t\t\t\t\t\t\t\t\t\t\t\t\t\t\t<article class=\"uagb-post__inner-wrap\">\t\t\t\t\t\t\t\t<div class='uagb-post__image'>\n\t\t\t\t\t\t\t\t\t<a href=\"https:\/\/polymath-academy.com\/de\/energieerzeugung\/\" target=\"_self\" rel=\"bookmark noopener noreferrer\" class='uagb-image-ratio-2-3'><img loading=\"lazy\" decoding=\"async\" width=\"1024\" height=\"1024\" src=\"https:\/\/polymath-academy.com\/wp-content\/uploads\/2025\/01\/climate-change.webp\" class=\"attachment-large size-large\" alt=\"\" srcset=\"https:\/\/polymath-academy.com\/wp-content\/uploads\/2025\/01\/climate-change.webp 1024w, https:\/\/polymath-academy.com\/wp-content\/uploads\/2025\/01\/climate-change-300x300.webp 300w, https:\/\/polymath-academy.com\/wp-content\/uploads\/2025\/01\/climate-change-150x150.webp 150w, https:\/\/polymath-academy.com\/wp-content\/uploads\/2025\/01\/climate-change-768x768.webp 768w\" sizes=\"auto, (max-width: 1024px) 100vw, 1024px\" \/>\t\t\t\t\t<\/a>\n\t\t\t\t\t\t\t<\/div>\n\t\t\t<div class=\"uagb-post__text\"><span class=\"uagb-post__taxonomy highlighted\"><span class=\"dashicons-tag dashicons\"><\/span><a href=\"https:\/\/polymath-academy.com\/de\/kategorie\/wissenschaft-technologie\/\">Wissenschaft und Technologie<\/a><\/span><\/div>\t\t\t<h4 class=\"uagb-post__title uagb-post__text\">\n\t\t\t\t<a href=\"https:\/\/polymath-academy.com\/de\/energieerzeugung\/\" target=\"_self\" rel=\"bookmark noopener noreferrer\">Energiepreise und Energieerzeugung in Deutschland<\/a>\n\t\t\t<\/h4>\n\t\t\t\t\t\t<div class='uagb-post__text uagb-post-grid-byline'>\n\t\t\t\t\t\t\t\t<time datetime=\"2025-01-25T13:17:29+00:00\" class=\"uagb-post__date\">\n\t\t\t\t<span class=\"dashicons-calendar dashicons\"><\/span>\t\t\t\t\t2025-01-25\t\t\t\t<\/time>\n\t\t\t\t\t\t\t<span class=\"uagb-post__comment\">\n\t\t\t\t<span class=\"dashicons-admin-comments dashicons\"><\/span>\t\t\t\t\tKeine Kommentare\t\t\t\t<\/span>\n\t\t\t\t\t\t<\/div>\n\t\t\t\t\t\t\t<div class='uagb-post__text uagb-post__excerpt'>\n\t\t\t\t\t<p>Die Debatte um die Energiepreise in Deutschland hat in den letzten Wochen deutlich an Dynamik...\t\t\t\t<\/div>\n\t\t\t\t\t\t<div class=\"uagb-post__text uagb-post__cta wp-block-button\">\n\t\t\t\t<a class=\"wp-block-button__link uagb-text-link\" style=\"\" href=\"https:\/\/polymath-academy.com\/de\/energieerzeugung\/\" target=\"_self\" rel=\"bookmark noopener noreferrer\">Weiterlesen<\/a>\n\t\t\t<\/div>\n\t\t\t\n\t\t\t\t\t\t\t\t\t<\/article>\n\t\t\t\t\t\t\t\t\t\t\t\t\t\t\t\t<article class=\"uagb-post__inner-wrap\">\t\t\t\t\t\t\t\t<div class='uagb-post__image'>\n\t\t\t\t\t\t\t\t\t<a href=\"https:\/\/polymath-academy.com\/de\/internationaler-handel\/\" target=\"_self\" rel=\"bookmark noopener noreferrer\" class='uagb-image-ratio-2-3'><img loading=\"lazy\" decoding=\"async\" width=\"1024\" height=\"585\" src=\"https:\/\/polymath-academy.com\/wp-content\/uploads\/2025\/01\/global-trade-1024x585.webp\" class=\"attachment-large size-large\" alt=\"\" srcset=\"https:\/\/polymath-academy.com\/wp-content\/uploads\/2025\/01\/global-trade-1024x585.webp 1024w, https:\/\/polymath-academy.com\/wp-content\/uploads\/2025\/01\/global-trade-300x171.webp 300w, https:\/\/polymath-academy.com\/wp-content\/uploads\/2025\/01\/global-trade-768x439.webp 768w, https:\/\/polymath-academy.com\/wp-content\/uploads\/2025\/01\/global-trade.webp 1456w\" sizes=\"auto, (max-width: 1024px) 100vw, 1024px\" \/>\t\t\t\t\t<\/a>\n\t\t\t\t\t\t\t<\/div>\n\t\t\t<div class=\"uagb-post__text\"><span class=\"uagb-post__taxonomy highlighted\"><span class=\"dashicons-tag dashicons\"><\/span><a href=\"https:\/\/polymath-academy.com\/de\/kategorie\/unternehmen\/\">Business<\/a><\/span><\/div>\t\t\t<h4 class=\"uagb-post__title uagb-post__text\">\n\t\t\t\t<a href=\"https:\/\/polymath-academy.com\/de\/internationaler-handel\/\" target=\"_self\" rel=\"bookmark noopener noreferrer\">Internationaler Handel<\/a>\n\t\t\t<\/h4>\n\t\t\t\t\t\t<div class='uagb-post__text uagb-post-grid-byline'>\n\t\t\t\t\t\t\t\t<time datetime=\"2025-01-25T11:32:26+00:00\" class=\"uagb-post__date\">\n\t\t\t\t<span class=\"dashicons-calendar dashicons\"><\/span>\t\t\t\t\t2025-01-25\t\t\t\t<\/time>\n\t\t\t\t\t\t\t<span class=\"uagb-post__comment\">\n\t\t\t\t<span class=\"dashicons-admin-comments dashicons\"><\/span>\t\t\t\t\tKeine Kommentare\t\t\t\t<\/span>\n\t\t\t\t\t\t<\/div>\n\t\t\t\t\t\t\t<div class='uagb-post__text uagb-post__excerpt'>\n\t\t\t\t\t<p>Da die Trump-Regierung seit Januar 2025 wieder im Amt ist, ist die...\t\t\t\t<\/div>\n\t\t\t\t\t\t<div class=\"uagb-post__text uagb-post__cta wp-block-button\">\n\t\t\t\t<a class=\"wp-block-button__link uagb-text-link\" style=\"\" href=\"https:\/\/polymath-academy.com\/de\/internationaler-handel\/\" target=\"_self\" rel=\"bookmark noopener noreferrer\">Weiterlesen<\/a>\n\t\t\t<\/div>\n\t\t\t\n\t\t\t\t\t\t\t\t\t<\/article>\n\t\t\t\t\t\t\t\t\t\t\t\t\t\t\t\t<article class=\"uagb-post__inner-wrap\">\t\t\t\t\t\t\t\t<div class='uagb-post__image'>\n\t\t\t\t\t\t\t\t\t<a href=\"https:\/\/polymath-academy.com\/de\/inflation\/\" target=\"_self\" rel=\"bookmark noopener noreferrer\" class='uagb-image-ratio-2-3'><img loading=\"lazy\" decoding=\"async\" width=\"1024\" height=\"1024\" src=\"https:\/\/polymath-academy.com\/wp-content\/uploads\/2025\/01\/money.webp\" class=\"attachment-large size-large\" alt=\"\" srcset=\"https:\/\/polymath-academy.com\/wp-content\/uploads\/2025\/01\/money.webp 1024w, https:\/\/polymath-academy.com\/wp-content\/uploads\/2025\/01\/money-300x300.webp 300w, https:\/\/polymath-academy.com\/wp-content\/uploads\/2025\/01\/money-150x150.webp 150w, https:\/\/polymath-academy.com\/wp-content\/uploads\/2025\/01\/money-768x768.webp 768w\" sizes=\"auto, (max-width: 1024px) 100vw, 1024px\" \/>\t\t\t\t\t<\/a>\n\t\t\t\t\t\t\t<\/div>\n\t\t\t<div class=\"uagb-post__text\"><span class=\"uagb-post__taxonomy highlighted\"><span class=\"dashicons-tag dashicons\"><\/span><a href=\"https:\/\/polymath-academy.com\/de\/kategorie\/unternehmen\/\">Business<\/a><\/span><\/div>\t\t\t<h4 class=\"uagb-post__title uagb-post__text\">\n\t\t\t\t<a href=\"https:\/\/polymath-academy.com\/de\/inflation\/\" target=\"_self\" rel=\"bookmark noopener noreferrer\">Inflation<\/a>\n\t\t\t<\/h4>\n\t\t\t\t\t\t<div class='uagb-post__text uagb-post-grid-byline'>\n\t\t\t\t\t\t\t\t<time datetime=\"2025-01-02T13:09:42+00:00\" class=\"uagb-post__date\">\n\t\t\t\t<span class=\"dashicons-calendar dashicons\"><\/span>\t\t\t\t\t2025-01-02\t\t\t\t<\/time>\n\t\t\t\t\t\t\t<span class=\"uagb-post__comment\">\n\t\t\t\t<span class=\"dashicons-admin-comments dashicons\"><\/span>\t\t\t\t\tKeine Kommentare\t\t\t\t<\/span>\n\t\t\t\t\t\t<\/div>\n\t\t\t\t\t\t\t<div class='uagb-post__text uagb-post__excerpt'>\n\t\t\t\t\tSeit Anfang 2021 erleben wir einen deutlichen Anstieg der...\t\t\t\t<\/div>\n\t\t\t\t\t\t<div class=\"uagb-post__text uagb-post__cta wp-block-button\">\n\t\t\t\t<a class=\"wp-block-button__link uagb-text-link\" style=\"\" href=\"https:\/\/polymath-academy.com\/de\/inflation\/\" target=\"_self\" rel=\"bookmark noopener noreferrer\">Weiterlesen<\/a>\n\t\t\t<\/div>\n\t\t\t\n\t\t\t\t\t\t\t\t\t<\/article>\n\t\t\t\t\t\t\t\t\t\t\t\t\t<div class=\"uagb-post-pagination-wrap\">\n\t\t\t\t\t\t\t\t\t\t\t<\/div>\n\t\t\t\t\t\t\t\t<\/div>\n\t\t\t<\/div><\/div>\n\n\n\n<div class=\"wp-block-uagb-container uagb-block-71fea0c9 alignfull uagb-is-root-container\"><div class=\"uagb-container-inner-blocks-wrap\">\n<div class=\"wp-block-uagb-info-box uagb-block-844f8cf1 uagb-infobox__content-wrap  uagb-infobox-icon-above-title uagb-infobox-image-valign-top\"><div class=\"uagb-ifb-content\"><div class=\"uagb-ifb-title-wrap\"><h2 class=\"uagb-ifb-title\">Sie m\u00f6chten mehr erfahren?<\/h2><\/div><p class=\"uagb-ifb-desc\">Tragen Sie sich in unsere Warteliste ein und erfahren Sie als Erster, wenn wir unser gesamtes Angebot vorstellen!<\/p><div class=\"uagb-ifb-button-wrapper wp-block-button\"><a href=\"\/de\/kontakt\/\" class=\"uagb-infobox-cta-link wp-block-button__link\" target=\"_self\" rel=\"noopener noreferrer\" onclick=\"return true;\"><span class=\"uagb-inline-editing\">Anmeldung<\/span><svg xmlns=\"https:\/\/www.w3.org\/2000\/svg\" viewbox=\"0 0 512 512\"><path d=\"M504.3 273.6l-112.1 104c-6.992 6.484-17.18 8.218-25.94 4.406c-8.758-3.812-14.42-12.45-14.42-21.1L351.9 288H32C14.33 288 .0002 273.7 .0002 255.1S14.33 224 32 224h319.9l0-72c0-9.547 5.66-18.19 14.42-22c8.754-3.809 18.95-2.075 25.94 4.41l112.1 104C514.6 247.9 514.6 264.1 504.3 273.6z\"><\/path><\/svg><\/a><\/div><\/div><\/div>\n<\/div><\/div>","protected":false},"excerpt":{"rendered":"<p>Themen<\/p>","protected":false},"author":1,"featured_media":0,"parent":0,"menu_order":0,"comment_status":"closed","ping_status":"closed","template":"","meta":{"_uag_custom_page_level_css":"","site-sidebar-layout":"default","site-content-layout":"","ast-site-content-layout":"","site-content-style":"default","site-sidebar-style":"default","ast-global-header-display":"","ast-banner-title-visibility":"","ast-main-header-display":"","ast-hfb-above-header-display":"","ast-hfb-below-header-display":"","ast-hfb-mobile-header-display":"","site-post-title":"disabled","ast-breadcrumbs-content":"","ast-featured-img":"","footer-sml-layout":"","theme-transparent-header-meta":"enabled","adv-header-id-meta":"","stick-header-meta":"","header-above-stick-meta":"","header-main-stick-meta":"","header-below-stick-meta":"","astra-migrate-meta-layouts":"default","ast-page-background-enabled":"default","ast-page-background-meta":{"desktop":{"background-color":"var(--ast-global-color-4)","background-image":"","background-repeat":"repeat","background-position":"center center","background-size":"auto","background-attachment":"scroll","background-type":"","background-media":"","overlay-type":"","overlay-color":"","overlay-opacity":"","overlay-gradient":""},"tablet":{"background-color":"","background-image":"","background-repeat":"repeat","background-position":"center center","background-size":"auto","background-attachment":"scroll","background-type":"","background-media":"","overlay-type":"","overlay-color":"","overlay-opacity":"","overlay-gradient":""},"mobile":{"background-color":"","background-image":"","background-repeat":"repeat","background-position":"center center","background-size":"auto","background-attachment":"scroll","background-type":"","background-media":"","overlay-type":"","overlay-color":"","overlay-opacity":"","overlay-gradient":""}},"ast-content-background-meta":{"desktop":{"background-color":"var(--ast-global-color-5)","background-image":"","background-repeat":"repeat","background-position":"center center","background-size":"auto","background-attachment":"scroll","background-type":"","background-media":"","overlay-type":"","overlay-color":"","overlay-opacity":"","overlay-gradient":""},"tablet":{"background-color":"var(--ast-global-color-5)","background-image":"","background-repeat":"repeat","background-position":"center center","background-size":"auto","background-attachment":"scroll","background-type":"","background-media":"","overlay-type":"","overlay-color":"","overlay-opacity":"","overlay-gradient":""},"mobile":{"background-color":"var(--ast-global-color-5)","background-image":"","background-repeat":"repeat","background-position":"center center","background-size":"auto","background-attachment":"scroll","background-type":"","background-media":"","overlay-type":"","overlay-color":"","overlay-opacity":"","overlay-gradient":""}},"footnotes":""},"class_list":["post-87","page","type-page","status-publish","hentry"],"uagb_featured_image_src":{"full":false,"thumbnail":false,"medium":false,"medium_large":false,"large":false,"1536x1536":false,"2048x2048":false,"trp-custom-language-flag":false},"uagb_author_info":{"display_name":"Fabian Beuter","author_link":"https:\/\/polymath-academy.com\/de\/author\/f-beuterweb-de\/"},"uagb_comment_info":0,"uagb_excerpt":"Topics","_links":{"self":[{"href":"https:\/\/polymath-academy.com\/de\/wp-json\/wp\/v2\/pages\/87","targetHints":{"allow":["GET"]}}],"collection":[{"href":"https:\/\/polymath-academy.com\/de\/wp-json\/wp\/v2\/pages"}],"about":[{"href":"https:\/\/polymath-academy.com\/de\/wp-json\/wp\/v2\/types\/page"}],"author":[{"embeddable":true,"href":"https:\/\/polymath-academy.com\/de\/wp-json\/wp\/v2\/users\/1"}],"replies":[{"embeddable":true,"href":"https:\/\/polymath-academy.com\/de\/wp-json\/wp\/v2\/comments?post=87"}],"version-history":[{"count":14,"href":"https:\/\/polymath-academy.com\/de\/wp-json\/wp\/v2\/pages\/87\/revisions"}],"predecessor-version":[{"id":696,"href":"https:\/\/polymath-academy.com\/de\/wp-json\/wp\/v2\/pages\/87\/revisions\/696"}],"wp:attachment":[{"href":"https:\/\/polymath-academy.com\/de\/wp-json\/wp\/v2\/media?parent=87"}],"curies":[{"name":"wp","href":"https:\/\/api.w.org\/{rel}","templated":true}]}}