{"id":412,"date":"2025-01-05T16:46:53","date_gmt":"2025-01-05T16:46:53","guid":{"rendered":"https:\/\/polymath-academy.com\/?page_id=412"},"modified":"2025-01-06T17:43:56","modified_gmt":"2025-01-06T17:43:56","slug":"einen-beitrag-zur-polymathischen-akademie-leisten","status":"publish","type":"page","link":"https:\/\/polymath-academy.com\/de\/einen-beitrag-zur-polymathischen-akademie-leisten\/","title":{"rendered":"Beitrag zur Polymath Academy"},"content":{"rendered":"<p>Sie m\u00f6chten Teil der Reise der Polymath Academy sein und Inhalte oder Ideen beitragen? Wir freuen uns, von Ihnen zu h\u00f6ren!<\/p>\n\n\n\n<div class=\"wp-block-uagb-container uagb-block-61fa746a alignfull uagb-is-root-container\"><div class=\"uagb-container-inner-blocks-wrap\">\n<div class=\"wp-block-uagb-container uagb-block-781fe2e8 default uagb-is-root-container\">\n<div class=\"wp-block-uagb-forms uagb-forms__outer-wrap uagb-block-bf7045eb uagb-forms__default-btn uag-blocks-common-selector\" style=\"--z-index-desktop:1;;--z-index-tablet:undefined;;--z-index-mobile:undefined;\"><form class=\"uagb-forms-main-form\" method=\"post\" autocomplete=\"on\" name=\"uagb-form-bf7045eb\" action=\"\">\n<div class=\"wp-block-uagb-forms-name uagb-forms-name-wrap uagb-forms-field-set uagb-block-cc860a00\"><div class=\"uagb-forms-name-label required uagb-forms-input-label\" id=\"cc860a00\">Vollst\u00e4ndiger Name<\/div><input type=\"text\" placeholder=\"\" required class=\"uagb-forms-name-input uagb-forms-input\" name=\"cc860a00\" autocomplete=\"given-name\"\/><\/div>\n\n\n\n<div class=\"wp-block-uagb-forms-email uagb-forms-email-wrap uagb-forms-field-set uagb-block-3e3be7c7\"><div class=\"uagb-forms-email-label required uagb-forms-input-label\" id=\"3e3be7c7\">E-Mail<\/div><input type=\"email\" class=\"uagb-forms-email-input uagb-forms-input\" placeholder=\"\" required name=\"3e3be7c7\" autocomplete=\"email\"\/><\/div>\n\n\n\n<div class=\"wp-block-uagb-forms-textarea uagb-forms-textarea-wrap uagb-forms-field-set uagb-block-58ae0142\"><div class=\"uagb-forms-textarea-label required uagb-forms-input-label\" id=\"58ae0142\">Nachricht<\/div><textarea required class=\"uagb-forms-textarea-input uagb-forms-input\" rows=\"5\" placeholder=\"\" name=\"58ae0142\" autocomplete=\"off\"><\/textarea><\/div>\n<div class=\"uagb-forms-form-hidden-data\"><input type=\"hidden\" class=\"uagb_forms_form_label\" value=\"\"\/><input type=\"hidden\" class=\"uagb_forms_form_id\" value=\"uagb-form-bf7045eb\"\/><\/div><div class=\"uagb-form-reacaptcha-error-bf7045eb\"><\/div><div class=\"uagb-forms-main-submit-button-wrap wp-block-button\"><button class=\"uagb-forms-main-submit-button wp-block-button__link\"><div class=\"uagb-forms-main-submit-button-text\">Einreichen<\/div><\/button><\/div><input type=\"hidden\" name=\"trp-form-language\" value=\"de\"\/><\/form><div class=\"uagb-forms-success-message-bf7045eb uagb-forms-submit-message-hide\"><span>Vielen Dank f\u00fcr Ihr Interesse an einer Beteiligung an der Polymath Academy! Wir werden uns so bald wie m\u00f6glich mit Ihnen in Verbindung setzen!<\/span><\/div><div class=\"uagb-forms-failed-message-bf7045eb uagb-forms-submit-message-hide\"><span>Es ist ein Fehler beim Absenden des Formulars aufgetreten. Bitte \u00fcberpr\u00fcfen Sie alle Formularfelder erneut.<\/span><\/div><\/div>\n<\/div>\n\n\n\n<p>Wir sch\u00e4tzen Ihre Privatsph\u00e4re. Ihre Daten werden nur verwendet, um Sie \u00fcber den Start der Polymath Academy und Updates zu informieren. F\u00fcr weitere Details lesen Sie bitte unsere&nbsp;<a href=\"https:\/\/polymath-academy.com\/de\/datenschutzbestimmungen\/\" data-type=\"link\" data-id=\"https:\/\/polymath-academy.com\/privacy-policy\/\">Datenschutz<\/a><a href=\"#\">&nbsp;Politik<\/a>.<\/p>\n<\/div><\/div>","protected":false},"excerpt":{"rendered":"<p>You want to be part of Polymath Academy&#8217;s journey and contribute content or ideas? We are happy to hear from [&hellip;]<\/p>","protected":false},"author":1,"featured_media":0,"parent":0,"menu_order":0,"comment_status":"closed","ping_status":"closed","template":"","meta":{"_uag_custom_page_level_css":"","site-sidebar-layout":"default","site-content-layout":"","ast-site-content-layout":"","site-content-style":"default","site-sidebar-style":"default","ast-global-header-display":"","ast-banner-title-visibility":"","ast-main-header-display":"","ast-hfb-above-header-display":"","ast-hfb-below-header-display":"","ast-hfb-mobile-header-display":"","site-post-title":"","ast-breadcrumbs-content":"","ast-featured-img":"","footer-sml-layout":"","theme-transparent-header-meta":"","adv-header-id-meta":"","stick-header-meta":"","header-above-stick-meta":"","header-main-stick-meta":"","header-below-stick-meta":"","astra-migrate-meta-layouts":"default","ast-page-background-enabled":"default","ast-page-background-meta":{"desktop":{"background-color":"var(--ast-global-color-4)","background-image":"","background-repeat":"repeat","background-position":"center center","background-size":"auto","background-attachment":"scroll","background-type":"","background-media":"","overlay-type":"","overlay-color":"","overlay-opacity":"","overlay-gradient":""},"tablet":{"background-color":"","background-image":"","background-repeat":"repeat","background-position":"center center","background-size":"auto","background-attachment":"scroll","background-type":"","background-media":"","overlay-type":"","overlay-color":"","overlay-opacity":"","overlay-gradient":""},"mobile":{"background-color":"","background-image":"","background-repeat":"repeat","background-position":"center center","background-size":"auto","background-attachment":"scroll","background-type":"","background-media":"","overlay-type":"","overlay-color":"","overlay-opacity":"","overlay-gradient":""}},"ast-content-background-meta":{"desktop":{"background-color":"var(--ast-global-color-5)","background-image":"","background-repeat":"repeat","background-position":"center center","background-size":"auto","background-attachment":"scroll","background-type":"","background-media":"","overlay-type":"","overlay-color":"","overlay-opacity":"","overlay-gradient":""},"tablet":{"background-color":"var(--ast-global-color-5)","background-image":"","background-repeat":"repeat","background-position":"center center","background-size":"auto","background-attachment":"scroll","background-type":"","background-media":"","overlay-type":"","overlay-color":"","overlay-opacity":"","overlay-gradient":""},"mobile":{"background-color":"var(--ast-global-color-5)","background-image":"","background-repeat":"repeat","background-position":"center center","background-size":"auto","background-attachment":"scroll","background-type":"","background-media":"","overlay-type":"","overlay-color":"","overlay-opacity":"","overlay-gradient":""}},"footnotes":""},"class_list":["post-412","page","type-page","status-publish","hentry"],"uagb_featured_image_src":{"full":false,"thumbnail":false,"medium":false,"medium_large":false,"large":false,"1536x1536":false,"2048x2048":false,"trp-custom-language-flag":false},"uagb_author_info":{"display_name":"Fabian Beuter","author_link":"https:\/\/polymath-academy.com\/de\/author\/f-beuterweb-de\/"},"uagb_comment_info":0,"uagb_excerpt":"You want to be part of Polymath Academy&#8217;s journey and contribute content or ideas? We are happy to hear from [&hellip;]","_links":{"self":[{"href":"https:\/\/polymath-academy.com\/de\/wp-json\/wp\/v2\/pages\/412","targetHints":{"allow":["GET"]}}],"collection":[{"href":"https:\/\/polymath-academy.com\/de\/wp-json\/wp\/v2\/pages"}],"about":[{"href":"https:\/\/polymath-academy.com\/de\/wp-json\/wp\/v2\/types\/page"}],"author":[{"embeddable":true,"href":"https:\/\/polymath-academy.com\/de\/wp-json\/wp\/v2\/users\/1"}],"replies":[{"embeddable":true,"href":"https:\/\/polymath-academy.com\/de\/wp-json\/wp\/v2\/comments?post=412"}],"version-history":[{"count":5,"href":"https:\/\/polymath-academy.com\/de\/wp-json\/wp\/v2\/pages\/412\/revisions"}],"predecessor-version":[{"id":478,"href":"https:\/\/polymath-academy.com\/de\/wp-json\/wp\/v2\/pages\/412\/revisions\/478"}],"wp:attachment":[{"href":"https:\/\/polymath-academy.com\/de\/wp-json\/wp\/v2\/media?parent=412"}],"curies":[{"name":"wp","href":"https:\/\/api.w.org\/{rel}","templated":true}]}}