{"id":186,"date":"2025-01-02T18:24:29","date_gmt":"2025-01-02T18:24:29","guid":{"rendered":"https:\/\/polymath-academy.com\/science-technology-articles\/"},"modified":"2025-01-25T13:18:47","modified_gmt":"2025-01-25T13:18:47","slug":"wissenschaftlich-technische-artikel","status":"publish","type":"page","link":"https:\/\/polymath-academy.com\/de\/wissenschaftlich-technische-artikel\/","title":{"rendered":"Wissenschaft und Technologie"},"content":{"rendered":"<div class=\"wp-block-uagb-post-grid uagb-post-grid  uagb-post__image-position-top uagb-post__image-enabled uagb-block-2caa4ded     uagb-post__items uagb-post__columns-3 is-grid uagb-post__columns-tablet-2 uagb-post__columns-mobile-1 uagb-post__equal-height\" data-total=\"1\" style=\"\">\n\n\t\t\t\t\t\t\t\t\t\t\t\t<article class=\"uagb-post__inner-wrap\">\t\t\t\t\t\t\t\t<div class='uagb-post__image'>\n\t\t\t\t\t\t\t\t\t<a href=\"https:\/\/polymath-academy.com\/de\/kunstliche-intelligenz\/\" target=\"_self\" rel=\"bookmark noopener noreferrer\" class='uagb-image-ratio-2-3'><img loading=\"lazy\" decoding=\"async\" width=\"1024\" height=\"1024\" src=\"https:\/\/polymath-academy.com\/wp-content\/uploads\/2025\/03\/3ba812b8-2c1a-477e-bb1c-d629def4794d.webp\" class=\"attachment-large size-large\" alt=\"\" srcset=\"https:\/\/polymath-academy.com\/wp-content\/uploads\/2025\/03\/3ba812b8-2c1a-477e-bb1c-d629def4794d.webp 1024w, https:\/\/polymath-academy.com\/wp-content\/uploads\/2025\/03\/3ba812b8-2c1a-477e-bb1c-d629def4794d-300x300.webp 300w, https:\/\/polymath-academy.com\/wp-content\/uploads\/2025\/03\/3ba812b8-2c1a-477e-bb1c-d629def4794d-150x150.webp 150w, https:\/\/polymath-academy.com\/wp-content\/uploads\/2025\/03\/3ba812b8-2c1a-477e-bb1c-d629def4794d-768x768.webp 768w\" sizes=\"auto, (max-width: 1024px) 100vw, 1024px\" \/>\t\t\t\t\t<\/a>\n\t\t\t\t\t\t\t<\/div>\n\t\t\t<div class=\"uagb-post__text\"><span class=\"uagb-post__taxonomy highlighted\"><span class=\"dashicons-tag dashicons\"><\/span><a href=\"https:\/\/polymath-academy.com\/de\/kategorie\/wissenschaft-technologie\/\">Wissenschaft und Technologie<\/a><\/span><\/div>\t\t\t<h4 class=\"uagb-post__title uagb-post__text\">\n\t\t\t\t<a href=\"https:\/\/polymath-academy.com\/de\/kunstliche-intelligenz\/\" target=\"_self\" rel=\"bookmark noopener noreferrer\">K\u00fcnstliche Intelligenz<\/a>\n\t\t\t<\/h4>\n\t\t\t\t\t\t<div class='uagb-post__text uagb-post-grid-byline'>\n\t\t\t\t\t\t\t\t<time datetime=\"2025-03-08T13:02:42+00:00\" class=\"uagb-post__date\">\n\t\t\t\t<span class=\"dashicons-calendar dashicons\"><\/span>\t\t\t\t\t2025-03-08\t\t\t\t<\/time>\n\t\t\t\t\t\t\t<span class=\"uagb-post__comment\">\n\t\t\t\t<span class=\"dashicons-admin-comments dashicons\"><\/span>\t\t\t\t\tKeine Kommentare\t\t\t\t<\/span>\n\t\t\t\t\t\t<\/div>\n\t\t\t\t\t\t\t<div class='uagb-post__text uagb-post__excerpt'>\n\t\t\t\t\t<p>K\u00fcnstliche Intelligenz (KI) ist nicht l\u00e4nger ein Konzept, das auf Science-Fiction beschr\u00e4nkt ist - sie hat sich nahtlos in unser t\u00e4gliches Leben integriert. Von...\t\t\t\t<\/div>\n\t\t\t\t\t\t<div class=\"uagb-post__text uagb-post__cta wp-block-button\">\n\t\t\t\t<a class=\"wp-block-button__link uagb-text-link\" style=\"\" href=\"https:\/\/polymath-academy.com\/de\/kunstliche-intelligenz\/\" target=\"_self\" rel=\"bookmark noopener noreferrer\">Weiterlesen<\/a>\n\t\t\t<\/div>\n\t\t\t\n\t\t\t\t\t\t\t\t\t<\/article>\n\t\t\t\t\t\t\t\t\t\t\t\t\t\t\t\t<article class=\"uagb-post__inner-wrap\">\t\t\t\t\t\t\t\t<div class='uagb-post__image'>\n\t\t\t\t\t\t\t\t\t<a href=\"https:\/\/polymath-academy.com\/de\/klimawandel\/\" target=\"_self\" rel=\"bookmark noopener noreferrer\" class='uagb-image-ratio-2-3'><img loading=\"lazy\" decoding=\"async\" width=\"1024\" height=\"1024\" src=\"https:\/\/polymath-academy.com\/wp-content\/uploads\/2025\/01\/DALL\u00b7E-2025-01-26-11.27.14-An-impactful-illustration-showing-the-effects-of-climate-change-on-the-environment.-The-image-includes-a-split-screen-design_-on-one-side-a-healthy-a-1.webp\" class=\"attachment-large size-large\" alt=\"\" srcset=\"https:\/\/polymath-academy.com\/wp-content\/uploads\/2025\/01\/DALL\u00b7E-2025-01-26-11.27.14-An-impactful-illustration-showing-the-effects-of-climate-change-on-the-environment.-The-image-includes-a-split-screen-design_-on-one-side-a-healthy-a-1.webp 1024w, https:\/\/polymath-academy.com\/wp-content\/uploads\/2025\/01\/DALL\u00b7E-2025-01-26-11.27.14-An-impactful-illustration-showing-the-effects-of-climate-change-on-the-environment.-The-image-includes-a-split-screen-design_-on-one-side-a-healthy-a-1-300x300.webp 300w, https:\/\/polymath-academy.com\/wp-content\/uploads\/2025\/01\/DALL\u00b7E-2025-01-26-11.27.14-An-impactful-illustration-showing-the-effects-of-climate-change-on-the-environment.-The-image-includes-a-split-screen-design_-on-one-side-a-healthy-a-1-150x150.webp 150w, https:\/\/polymath-academy.com\/wp-content\/uploads\/2025\/01\/DALL\u00b7E-2025-01-26-11.27.14-An-impactful-illustration-showing-the-effects-of-climate-change-on-the-environment.-The-image-includes-a-split-screen-design_-on-one-side-a-healthy-a-1-768x768.webp 768w\" sizes=\"auto, (max-width: 1024px) 100vw, 1024px\" \/>\t\t\t\t\t<\/a>\n\t\t\t\t\t\t\t<\/div>\n\t\t\t<div class=\"uagb-post__text\"><span class=\"uagb-post__taxonomy highlighted\"><span class=\"dashicons-tag dashicons\"><\/span><a href=\"https:\/\/polymath-academy.com\/de\/kategorie\/wissenschaft-technologie\/\">Wissenschaft und Technologie<\/a><\/span><\/div>\t\t\t<h4 class=\"uagb-post__title uagb-post__text\">\n\t\t\t\t<a href=\"https:\/\/polymath-academy.com\/de\/klimawandel\/\" target=\"_self\" rel=\"bookmark noopener noreferrer\">Der Klimawandel<\/a>\n\t\t\t<\/h4>\n\t\t\t\t\t\t<div class='uagb-post__text uagb-post-grid-byline'>\n\t\t\t\t\t\t\t\t<time datetime=\"2025-01-26T10:28:10+00:00\" class=\"uagb-post__date\">\n\t\t\t\t<span class=\"dashicons-calendar dashicons\"><\/span>\t\t\t\t\t2025-01-26\t\t\t\t<\/time>\n\t\t\t\t\t\t\t<span class=\"uagb-post__comment\">\n\t\t\t\t<span class=\"dashicons-admin-comments dashicons\"><\/span>\t\t\t\t\tKeine Kommentare\t\t\t\t<\/span>\n\t\t\t\t\t\t<\/div>\n\t\t\t\t\t\t\t<div class='uagb-post__text uagb-post__excerpt'>\n\t\t\t\t\t<p>Der Klimawandel ist eine der dr\u00e4ngendsten Herausforderungen unserer Zeit und wirkt sich weltweit auf \u00d6kosysteme, Volkswirtschaften und Gesellschaften aus. Zur Bew\u00e4ltigung...\t\t\t\t<\/div>\n\t\t\t\t\t\t<div class=\"uagb-post__text uagb-post__cta wp-block-button\">\n\t\t\t\t<a class=\"wp-block-button__link uagb-text-link\" style=\"\" href=\"https:\/\/polymath-academy.com\/de\/klimawandel\/\" target=\"_self\" rel=\"bookmark noopener noreferrer\">Weiterlesen<\/a>\n\t\t\t<\/div>\n\t\t\t\n\t\t\t\t\t\t\t\t\t<\/article>\n\t\t\t\t\t\t\t\t\t\t\t\t\t\t\t\t<article class=\"uagb-post__inner-wrap\">\t\t\t\t\t\t\t\t<div class='uagb-post__image'>\n\t\t\t\t\t\t\t\t\t<a href=\"https:\/\/polymath-academy.com\/de\/energieerzeugung\/\" target=\"_self\" rel=\"bookmark noopener noreferrer\" class='uagb-image-ratio-2-3'><img loading=\"lazy\" decoding=\"async\" width=\"1024\" height=\"1024\" src=\"https:\/\/polymath-academy.com\/wp-content\/uploads\/2025\/01\/climate-change.webp\" class=\"attachment-large size-large\" alt=\"\" srcset=\"https:\/\/polymath-academy.com\/wp-content\/uploads\/2025\/01\/climate-change.webp 1024w, https:\/\/polymath-academy.com\/wp-content\/uploads\/2025\/01\/climate-change-300x300.webp 300w, https:\/\/polymath-academy.com\/wp-content\/uploads\/2025\/01\/climate-change-150x150.webp 150w, https:\/\/polymath-academy.com\/wp-content\/uploads\/2025\/01\/climate-change-768x768.webp 768w\" sizes=\"auto, (max-width: 1024px) 100vw, 1024px\" \/>\t\t\t\t\t<\/a>\n\t\t\t\t\t\t\t<\/div>\n\t\t\t<div class=\"uagb-post__text\"><span class=\"uagb-post__taxonomy highlighted\"><span class=\"dashicons-tag dashicons\"><\/span><a href=\"https:\/\/polymath-academy.com\/de\/kategorie\/wissenschaft-technologie\/\">Wissenschaft und Technologie<\/a><\/span><\/div>\t\t\t<h4 class=\"uagb-post__title uagb-post__text\">\n\t\t\t\t<a href=\"https:\/\/polymath-academy.com\/de\/energieerzeugung\/\" target=\"_self\" rel=\"bookmark noopener noreferrer\">Energiepreise und Energieerzeugung in Deutschland<\/a>\n\t\t\t<\/h4>\n\t\t\t\t\t\t<div class='uagb-post__text uagb-post-grid-byline'>\n\t\t\t\t\t\t\t\t<time datetime=\"2025-01-25T13:17:29+00:00\" class=\"uagb-post__date\">\n\t\t\t\t<span class=\"dashicons-calendar dashicons\"><\/span>\t\t\t\t\t2025-01-25\t\t\t\t<\/time>\n\t\t\t\t\t\t\t<span class=\"uagb-post__comment\">\n\t\t\t\t<span class=\"dashicons-admin-comments dashicons\"><\/span>\t\t\t\t\tKeine Kommentare\t\t\t\t<\/span>\n\t\t\t\t\t\t<\/div>\n\t\t\t\t\t\t\t<div class='uagb-post__text uagb-post__excerpt'>\n\t\t\t\t\t<p>Die Debatte um die Energiepreise in Deutschland hat in den letzten Monaten und Jahren deutlich an Dynamik gewonnen. Ob in Nachrichtensendungen,...\t\t\t\t<\/div>\n\t\t\t\t\t\t<div class=\"uagb-post__text uagb-post__cta wp-block-button\">\n\t\t\t\t<a class=\"wp-block-button__link uagb-text-link\" style=\"\" href=\"https:\/\/polymath-academy.com\/de\/energieerzeugung\/\" target=\"_self\" rel=\"bookmark noopener noreferrer\">Weiterlesen<\/a>\n\t\t\t<\/div>\n\t\t\t\n\t\t\t\t\t\t\t\t\t<\/article>\n\t\t\t\t\t\t\t\t\t\t\t<\/div>","protected":false},"excerpt":{"rendered":"","protected":false},"author":1,"featured_media":0,"parent":0,"menu_order":0,"comment_status":"closed","ping_status":"closed","template":"","meta":{"_uag_custom_page_level_css":"","site-sidebar-layout":"default","site-content-layout":"","ast-site-content-layout":"","site-content-style":"default","site-sidebar-style":"default","ast-global-header-display":"","ast-banner-title-visibility":"","ast-main-header-display":"","ast-hfb-above-header-display":"","ast-hfb-below-header-display":"","ast-hfb-mobile-header-display":"","site-post-title":"","ast-breadcrumbs-content":"","ast-featured-img":"","footer-sml-layout":"","theme-transparent-header-meta":"","adv-header-id-meta":"","stick-header-meta":"","header-above-stick-meta":"","header-main-stick-meta":"","header-below-stick-meta":"","astra-migrate-meta-layouts":"default","ast-page-background-enabled":"default","ast-page-background-meta":{"desktop":{"background-color":"var(--ast-global-color-4)","background-image":"","background-repeat":"repeat","background-position":"center center","background-size":"auto","background-attachment":"scroll","background-type":"","background-media":"","overlay-type":"","overlay-color":"","overlay-opacity":"","overlay-gradient":""},"tablet":{"background-color":"","background-image":"","background-repeat":"repeat","background-position":"center center","background-size":"auto","background-attachment":"scroll","background-type":"","background-media":"","overlay-type":"","overlay-color":"","overlay-opacity":"","overlay-gradient":""},"mobile":{"background-color":"","background-image":"","background-repeat":"repeat","background-position":"center center","background-size":"auto","background-attachment":"scroll","background-type":"","background-media":"","overlay-type":"","overlay-color":"","overlay-opacity":"","overlay-gradient":""}},"ast-content-background-meta":{"desktop":{"background-color":"var(--ast-global-color-5)","background-image":"","background-repeat":"repeat","background-position":"center center","background-size":"auto","background-attachment":"scroll","background-type":"","background-media":"","overlay-type":"","overlay-color":"","overlay-opacity":"","overlay-gradient":""},"tablet":{"background-color":"var(--ast-global-color-5)","background-image":"","background-repeat":"repeat","background-position":"center center","background-size":"auto","background-attachment":"scroll","background-type":"","background-media":"","overlay-type":"","overlay-color":"","overlay-opacity":"","overlay-gradient":""},"mobile":{"background-color":"var(--ast-global-color-5)","background-image":"","background-repeat":"repeat","background-position":"center center","background-size":"auto","background-attachment":"scroll","background-type":"","background-media":"","overlay-type":"","overlay-color":"","overlay-opacity":"","overlay-gradient":""}},"footnotes":""},"class_list":["post-186","page","type-page","status-publish","hentry"],"uagb_featured_image_src":{"full":false,"thumbnail":false,"medium":false,"medium_large":false,"large":false,"1536x1536":false,"2048x2048":false,"trp-custom-language-flag":false},"uagb_author_info":{"display_name":"Fabian Beuter","author_link":"https:\/\/polymath-academy.com\/de\/author\/f-beuterweb-de\/"},"uagb_comment_info":0,"uagb_excerpt":null,"_links":{"self":[{"href":"https:\/\/polymath-academy.com\/de\/wp-json\/wp\/v2\/pages\/186","targetHints":{"allow":["GET"]}}],"collection":[{"href":"https:\/\/polymath-academy.com\/de\/wp-json\/wp\/v2\/pages"}],"about":[{"href":"https:\/\/polymath-academy.com\/de\/wp-json\/wp\/v2\/types\/page"}],"author":[{"embeddable":true,"href":"https:\/\/polymath-academy.com\/de\/wp-json\/wp\/v2\/users\/1"}],"replies":[{"embeddable":true,"href":"https:\/\/polymath-academy.com\/de\/wp-json\/wp\/v2\/comments?post=186"}],"version-history":[{"count":5,"href":"https:\/\/polymath-academy.com\/de\/wp-json\/wp\/v2\/pages\/186\/revisions"}],"predecessor-version":[{"id":687,"href":"https:\/\/polymath-academy.com\/de\/wp-json\/wp\/v2\/pages\/186\/revisions\/687"}],"wp:attachment":[{"href":"https:\/\/polymath-academy.com\/de\/wp-json\/wp\/v2\/media?parent=186"}],"curies":[{"name":"wp","href":"https:\/\/api.w.org\/{rel}","templated":true}]}}